{"id":12967,"date":"2024-09-20T23:33:09","date_gmt":"2024-09-20T21:33:09","guid":{"rendered":"https:\/\/webinfinity.ch\/?post_type=product&#038;p=12967"},"modified":"2025-10-17T17:15:13","modified_gmt":"2025-10-17T15:15:13","slug":"decorations-enfant-cheval-a-bascule","status":"publish","type":"product","link":"https:\/\/ateliergravure.ch\/?product=decorations-enfant-cheval-a-bascule","title":{"rendered":"D\u00e9corations enfant cheval \u00e0 bascule"},"content":{"rendered":"","protected":false},"excerpt":{"rendered":"<p>Diam\u00e8tre environ 20cm<\/p>\n<p>&nbsp;<\/p>\n","protected":false},"featured_media":12968,"template":"","meta":[],"etheme_brands":[],"product_brand":[],"product_cat":[75,59],"product_tag":[],"class_list":{"0":"post-12967","1":"product","2":"type-product","3":"status-publish","4":"has-post-thumbnail","6":"product_cat-enfance","7":"product_cat-cote-maison","9":"first","10":"instock","11":"taxable","12":"shipping-taxable","13":"purchasable","14":"product-type-simple"},"jetpack_sharing_enabled":true,"_links":{"self":[{"href":"https:\/\/ateliergravure.ch\/index.php?rest_route=\/wp\/v2\/product\/12967","targetHints":{"allow":["GET"]}}],"collection":[{"href":"https:\/\/ateliergravure.ch\/index.php?rest_route=\/wp\/v2\/product"}],"about":[{"href":"https:\/\/ateliergravure.ch\/index.php?rest_route=\/wp\/v2\/types\/product"}],"version-history":[{"count":1,"href":"https:\/\/ateliergravure.ch\/index.php?rest_route=\/wp\/v2\/product\/12967\/revisions"}],"predecessor-version":[{"id":13606,"href":"https:\/\/ateliergravure.ch\/index.php?rest_route=\/wp\/v2\/product\/12967\/revisions\/13606"}],"wp:featuredmedia":[{"embeddable":true,"href":"https:\/\/ateliergravure.ch\/index.php?rest_route=\/wp\/v2\/media\/12968"}],"wp:attachment":[{"href":"https:\/\/ateliergravure.ch\/index.php?rest_route=%2Fwp%2Fv2%2Fmedia&parent=12967"}],"wp:term":[{"taxonomy":"brand","embeddable":true,"href":"https:\/\/ateliergravure.ch\/index.php?rest_route=%2Fwp%2Fv2%2Fetheme_brands&post=12967"},{"taxonomy":"product_brand","embeddable":true,"href":"https:\/\/ateliergravure.ch\/index.php?rest_route=%2Fwp%2Fv2%2Fproduct_brand&post=12967"},{"taxonomy":"product_cat","embeddable":true,"href":"https:\/\/ateliergravure.ch\/index.php?rest_route=%2Fwp%2Fv2%2Fproduct_cat&post=12967"},{"taxonomy":"product_tag","embeddable":true,"href":"https:\/\/ateliergravure.ch\/index.php?rest_route=%2Fwp%2Fv2%2Fproduct_tag&post=12967"}],"curies":[{"name":"wp","href":"https:\/\/api.w.org\/{rel}","templated":true}]}}