{"id":13297,"date":"2017-09-22T07:40:57","date_gmt":"2017-09-22T07:40:57","guid":{"rendered":"https:\/\/xstore.8theme.com\/demos\/spa\/cart\/"},"modified":"2025-06-04T17:52:54","modified_gmt":"2025-06-04T15:52:54","slug":"cart","status":"publish","type":"page","link":"https:\/\/ateliergravure.ch\/?page_id=13297","title":{"rendered":"Panier"},"content":{"rendered":"<div class=\"woocommerce\">\n<div class=\"woocommerce-notices-wrapper\"><\/div><div class=\"wc-empty-cart-message\">\n\t<div class=\"cart-empty woocommerce-info\">\n\t\tVotre panier est actuellement vide.\t<\/div>\n<\/div>\n<div class=\"cart-empty empty-cart-block wc-empty-cart-message\">\n\t\t\t<h1 style=\"text-align: center\">VOTRE PANIER EST VIDE<\/h1>\n<p style=\"text-align: center\">Nous vous invitons \u00e0 d\u00e9couvrir notre s\u00e9lection.<br \/>Vous trouverez certainement votre bonheur !<\/p>\t\t\t\t<p><a class=\"btn black\" href=\"https:\/\/ateliergravure.ch\/?page_id=13296\"><span>Retour \u00e0 la boutique<\/span><\/a><\/p>\n\t<\/div><\/div>\n","protected":false},"excerpt":{"rendered":"","protected":false},"author":1,"featured_media":0,"parent":0,"menu_order":0,"comment_status":"closed","ping_status":"closed","template":"","meta":{"footnotes":""},"class_list":["post-13297","page","type-page","status-publish","hentry"],"jetpack_sharing_enabled":true,"_links":{"self":[{"href":"https:\/\/ateliergravure.ch\/index.php?rest_route=\/wp\/v2\/pages\/13297","targetHints":{"allow":["GET"]}}],"collection":[{"href":"https:\/\/ateliergravure.ch\/index.php?rest_route=\/wp\/v2\/pages"}],"about":[{"href":"https:\/\/ateliergravure.ch\/index.php?rest_route=\/wp\/v2\/types\/page"}],"author":[{"embeddable":true,"href":"https:\/\/ateliergravure.ch\/index.php?rest_route=\/wp\/v2\/users\/1"}],"replies":[{"embeddable":true,"href":"https:\/\/ateliergravure.ch\/index.php?rest_route=%2Fwp%2Fv2%2Fcomments&post=13297"}],"version-history":[{"count":1,"href":"https:\/\/ateliergravure.ch\/index.php?rest_route=\/wp\/v2\/pages\/13297\/revisions"}],"predecessor-version":[{"id":13499,"href":"https:\/\/ateliergravure.ch\/index.php?rest_route=\/wp\/v2\/pages\/13297\/revisions\/13499"}],"wp:attachment":[{"href":"https:\/\/ateliergravure.ch\/index.php?rest_route=%2Fwp%2Fv2%2Fmedia&parent=13297"}],"curies":[{"name":"wp","href":"https:\/\/api.w.org\/{rel}","templated":true}]}}